{"id":6,"date":"2015-07-19T18:47:02","date_gmt":"2015-07-19T17:47:02","guid":{"rendered":"http:\/\/copykatze.de\/?page_id=6"},"modified":"2021-03-24T09:43:45","modified_gmt":"2021-03-24T08:43:45","slug":"weihnachtskarten","status":"publish","type":"page","link":"http:\/\/copykatze.de\/?page_id=6","title":{"rendered":"Weihnachtskarten"},"content":{"rendered":"<p>Bekommst Du auch gerne Weihnachtskarten? Dann bist Du hier richtig, denn \u00fcber diese Karten freut sich jeder.<\/p>\n<p>Gerne k\u00f6nnen wir \u00fcber individuelle Farbw\u00fcnsche und auch \u00fcber integrierten Text sprechen.<\/p>\n<p>Mehr zum Thema Weihnachten findest Du <a href=\"http:\/\/copykatze.de\/?jetpack-portfolio-tag=weihnachten\">hier<\/a>.<\/p>\n<p>&nbsp;<\/p>\n","protected":false},"excerpt":{"rendered":"<p>Bekommst Du auch gerne Weihnachtskarten? Dann bist Du hier richtig, denn \u00fcber diese Karten freut sich jeder. Gerne k\u00f6nnen wir \u00fcber individuelle Farbw\u00fcnsche und auch \u00fcber integrierten Text sprechen. Mehr zum Thema Weihnachten findest Du hier. &nbsp;<\/p>\n","protected":false},"author":2,"featured_media":0,"parent":15,"menu_order":2,"comment_status":"closed","ping_status":"closed","template":"","meta":[],"_links":{"self":[{"href":"http:\/\/copykatze.de\/index.php?rest_route=\/wp\/v2\/pages\/6"}],"collection":[{"href":"http:\/\/copykatze.de\/index.php?rest_route=\/wp\/v2\/pages"}],"about":[{"href":"http:\/\/copykatze.de\/index.php?rest_route=\/wp\/v2\/types\/page"}],"author":[{"embeddable":true,"href":"http:\/\/copykatze.de\/index.php?rest_route=\/wp\/v2\/users\/2"}],"replies":[{"embeddable":true,"href":"http:\/\/copykatze.de\/index.php?rest_route=%2Fwp%2Fv2%2Fcomments&post=6"}],"version-history":[{"count":8,"href":"http:\/\/copykatze.de\/index.php?rest_route=\/wp\/v2\/pages\/6\/revisions"}],"predecessor-version":[{"id":252,"href":"http:\/\/copykatze.de\/index.php?rest_route=\/wp\/v2\/pages\/6\/revisions\/252"}],"up":[{"embeddable":true,"href":"http:\/\/copykatze.de\/index.php?rest_route=\/wp\/v2\/pages\/15"}],"wp:attachment":[{"href":"http:\/\/copykatze.de\/index.php?rest_route=%2Fwp%2Fv2%2Fmedia&parent=6"}],"curies":[{"name":"wp","href":"https:\/\/api.w.org\/{rel}","templated":true}]}}